{"id":2122,"date":"2017-03-08T13:55:05","date_gmt":"2017-03-08T11:55:05","guid":{"rendered":"https:\/\/avtolux.md\/uslugi\/"},"modified":"2020-07-05T16:55:00","modified_gmt":"2020-07-05T13:55:00","slug":"servicii","status":"publish","type":"page","link":"https:\/\/avtolux.md\/ro\/servicii\/","title":{"rendered":"Servicii"},"content":{"rendered":"<p>[vc_row el_class=&#8221;text-center vehicle-damage&#8221;][vc_column][vc_column_text css=&#8221;.vc_custom_1564138628802{margin-bottom: 40px !important;}&#8221;]<\/p>\n<h2 class=\"h-lg text-center\">Ce facem noi<\/h2>\n<p class=\"info text-center\">Noi oferim servicii de achizi\u021bionare \u0219i livrare a automobilelor din Georgia, Europa sau SUA<\/p>\n<p>[\/vc_column_text]    <div class=\"tab-content\">\r\n\r\n                <div class=\"row services-alt tab-pane fade active in\" id=\"services1\">\r\n                                <!-- post -->\r\n\r\n\t\t\t\t\t\r\n                    <div class=\"services-block-alt col-xs-6 col-sm-6 col-md-4\">\r\n                                            <div class=\"image\">\r\n                                                        <a href=\"https:\/\/avtolux.md\/ro\/car-services\/%d0%b0%d0%b2%d1%82%d0%be-%d0%bf%d0%be%d0%b4-%d0%ba%d0%bb%d1%8e%d1%87\/\" class=\"image-scale-color\">\r\n                                <img loading=\"lazy\" decoding=\"async\" width=\"357\" height=\"242\" src=\"https:\/\/avtolux.md\/wp-content\/uploads\/2019\/02\/Canva-Person-in-Grey-Shirt-Handing-Keys-scaled-357x242.jpg\" class=\"img-responsive-inline wp-post-image\" alt=\"\" \/>                            <\/a>\r\n                                                        \t\t\t\t\t\t\t\t<i class=\"icon icon-raketa\"><\/i>\r\n\t\t\t\t\t\t\t                            \r\n                        <\/div>\r\n                        <div class=\"caption\">\r\n                            <h3 class=\"title\">Automobil la cheie<\/h3>\r\n                            <div class=\"text\">\r\n                                Serviciu special pentru confortul dvs                            <\/div>\r\n                                                            <a href=\"https:\/\/avtolux.md\/ro\/car-services\/%d0%b0%d0%b2%d1%82%d0%be-%d0%bf%d0%be%d0%b4-%d0%ba%d0%bb%d1%8e%d1%87\/\" class=\"services-link icon-arrowhead-pointing-to-the-right\"><\/a>\r\n                            \r\n                        <\/div>\r\n                                            <\/div>\r\n\t\t\t\t\t\r\n                                        <!-- post -->\r\n\r\n\t\t\t\t\t\r\n                    <div class=\"services-block-alt col-xs-6 col-sm-6 col-md-4\">\r\n                                            <div class=\"image\">\r\n                                                        <a href=\"https:\/\/avtolux.md\/ro\/car-services\/%d0%bf%d0%be%d0%b4%d0%b1%d0%be%d1%80-%d0%b8-%d0%b4%d0%be%d1%81%d1%82%d0%b0%d0%b2%d0%ba%d0%b0-%d0%b0%d0%b2%d1%82%d0%be%d0%bc%d0%be%d0%b1%d0%b8%d0%bb%d0%b5%d0%b9\/\" class=\"image-scale-color\">\r\n                                <img loading=\"lazy\" decoding=\"async\" width=\"357\" height=\"242\" src=\"https:\/\/avtolux.md\/wp-content\/uploads\/2019\/02\/Canva-Black-Coupes-scaled-357x242.jpg\" class=\"img-responsive-inline wp-post-image\" alt=\"\" \/>                            <\/a>\r\n                                                        \t\t\t\t\t\t\t\t<i class=\"icon icon-car-wheel\"><\/i>\r\n\t\t\t\t\t\t\t                            \r\n                        <\/div>\r\n                        <div class=\"caption\">\r\n                            <h3 class=\"title\">Selectarea \u0219i livrarea automobilelor<\/h3>\r\n                            <div class=\"text\">\r\n                                Rapid, avantajos \u0219i sigur                            <\/div>\r\n                                                            <a href=\"https:\/\/avtolux.md\/ro\/car-services\/%d0%bf%d0%be%d0%b4%d0%b1%d0%be%d1%80-%d0%b8-%d0%b4%d0%be%d1%81%d1%82%d0%b0%d0%b2%d0%ba%d0%b0-%d0%b0%d0%b2%d1%82%d0%be%d0%bc%d0%be%d0%b1%d0%b8%d0%bb%d0%b5%d0%b9\/\" class=\"services-link icon-arrowhead-pointing-to-the-right\"><\/a>\r\n                            \r\n                        <\/div>\r\n                                            <\/div>\r\n\t\t\t\t\t\r\n                                        <!-- post -->\r\n\r\n\t\t\t\t\t\r\n                    <div class=\"services-block-alt col-xs-6 col-sm-6 col-md-4\">\r\n                                            <div class=\"image\">\r\n                                                        <a href=\"https:\/\/avtolux.md\/ro\/car-services\/%d0%b4%d0%be%d0%ba%d1%83%d0%bc%d0%b5%d0%bd%d1%82%d0%b0%d0%bb%d1%8c%d0%bd%d0%be%d0%b5-%d1%81%d0%be%d0%bf%d1%80%d0%be%d0%b2%d0%be%d0%b6%d0%b4%d0%b5%d0%bd%d0%b8%d0%b5-%d0%b8-%d0%bb%d0%be%d0%b3%d0%b8\/\" class=\"image-scale-color\">\r\n                                <img loading=\"lazy\" decoding=\"async\" width=\"357\" height=\"242\" src=\"https:\/\/avtolux.md\/wp-content\/uploads\/2019\/02\/Canva-Person-Signing-in-Documentation-Paper-scaled-357x242.jpg\" class=\"img-responsive-inline wp-post-image\" alt=\"\" \/>                            <\/a>\r\n                                                        \t\t\t\t\t\t\t\t<i class=\"icon icon-check\"><\/i>\r\n\t\t\t\t\t\t\t                            \r\n                        <\/div>\r\n                        <div class=\"caption\">\r\n                            <h3 class=\"title\">Suport documentar \u0219i logistic\u0103<\/h3>\r\n                            <div class=\"text\">\r\n                                Compania Avtolux are r\u0103spuns la toate \u00eentreb\u0103rile dvs.                            <\/div>\r\n                                                            <a href=\"https:\/\/avtolux.md\/ro\/car-services\/%d0%b4%d0%be%d0%ba%d1%83%d0%bc%d0%b5%d0%bd%d1%82%d0%b0%d0%bb%d1%8c%d0%bd%d0%be%d0%b5-%d1%81%d0%be%d0%bf%d1%80%d0%be%d0%b2%d0%be%d0%b6%d0%b4%d0%b5%d0%bd%d0%b8%d0%b5-%d0%b8-%d0%bb%d0%be%d0%b3%d0%b8\/\" class=\"services-link icon-arrowhead-pointing-to-the-right\"><\/a>\r\n                            \r\n                        <\/div>\r\n                                            <\/div>\r\n\t\t\t\t\t\r\n                                    <!-- post navigation -->\r\n            <\/div> <!--.services-alt-->\r\n        <\/div><!--.tab-content-->\r\n           \r\n    \r\n    [vc_column_text css=&#8221;.vc_custom_1593956658201{padding-top: 30px !important;}&#8221;]<\/p>\n<div class=\"text-center\">\n<h2 class=\"h-lg\">Au mai r\u0103mas \u00eentreb\u0103ri?<\/h2>\n<p class=\"info\">Telefona\u021bi speciali\u0219tii no\u0219tri pentru o consultare gratuit\u0103<\/p>\n<h2 class=\"h-phone\">Suna\u021bi: <a href=\"tel:+373 60 818 499\">+(373) 60 818 499<\/a><\/h2>\n<\/div>\n<p>[\/vc_column_text]        <a class=\"btn btn-invert\" href=\"#\" data-toggle=\"modal\" data-target=\"#appointmentForm-sm\"><span>Consulta\u021bie gratuit\u0103<\/span><\/a>\r\n        [vc_empty_space][\/vc_column][\/vc_row][vc_row full_width=&#8221;stretch_row&#8221; el_class=&#8221;block bg-1 service-page-services&#8221; css=&#8221;.vc_custom_1543472313481{background-image: url(https:\/\/avtolux.md\/wp-content\/uploads\/2019\/05\/block-bg-1-1.jpg) !important;}&#8221;][vc_column][vc_column_text]<\/p>\n<h2 class=\"h-lg text-center\">Lista serviciilor<\/h2>\n<p class=\"info text-center\">Mai jos este lista serviciilor pe care le prest\u0103m:<\/p>\n<p>[\/vc_column_text][vc_row_inner][vc_column_inner width=&#8221;1\/2&#8243; offset=&#8221;vc_col-md-4&#8243; css=&#8221;.vc_custom_1512554285898{margin-bottom: 0px !important;}&#8221;][vc_column_text css=&#8221;.vc_custom_1593956689310{margin-bottom: 0px !important;}&#8221;]<\/p>\n<ul class=\"marker-list\">\n<li>Livrarea automobilului \u00een Moldova<\/li>\n<li>Verificarea grosimei vopselei cu un aparat specializat<\/li>\n<li>Efectuarea diagnosticului computerizat<\/li>\n<li>Ajutor \u00een g\u0103sirea pieselor suplimentare p-u auto<\/li>\n<li>Ob\u021binerea numerelor \u0219i fi\u0219elor tehnice moldovene\u0219ti<\/li>\n<\/ul>\n<p>[\/vc_column_text][\/vc_column_inner][vc_column_inner width=&#8221;1\/2&#8243; offset=&#8221;vc_col-md-4&#8243; css=&#8221;.vc_custom_1512554292882{margin-bottom: 0px !important;}&#8221;][vc_column_text css=&#8221;.vc_custom_1593956714013{margin-bottom: 0px !important;}&#8221;]<\/p>\n<div class=\"view-more-mobile\">\n<ul class=\"marker-list\">\n<li>Automobil la cheie<\/li>\n<li>Verificarea automobilului cu ajutorul bazei CarFax<\/li>\n<li>Consultarea exper\u021bilor 24\/7<\/li>\n<li>Selectarea automobilului conform criteriilor dvs. individuale<\/li>\n<li>Perfectarea procurii \u0219i a tuturor documentelor necesare<\/li>\n<\/ul>\n<\/div>\n<p>[\/vc_column_text][\/vc_column_inner][vc_column_inner width=&#8221;1\/2&#8243; offset=&#8221;vc_col-md-4&#8243; css=&#8221;.vc_custom_1512554300673{margin-bottom: 0px !important;}&#8221;][vc_column_text css=&#8221;.vc_custom_1593957294272{margin-bottom: 0px !important;}&#8221;]<\/p>\n<div class=\"view-more-mobile view-more-tablet\">\n<ul class=\"marker-list\">\n<li>Raport video \u00een timp real<\/li>\n<li>Devamarea automobilului<\/li>\n<li>Asisten\u021b\u0103 \u00een v\u00e2nzarea oric\u0103rei ma\u0219ini<\/li>\n<li>\u00cenregistrarea la MREO \u00een Moldova<\/li>\n<li>Ajutor \u00een g\u0103sirea anvelopelor de iarn\u0103 \u0219i \/ sau de var\u0103<\/li>\n<\/ul>\n<\/div>\n<p>[\/vc_column_text][\/vc_column_inner][\/vc_row_inner][vc_column_text el_class=&#8221;text-center&#8221; css=&#8221;.vc_custom_1564143926862{margin-bottom: 0px !important;}&#8221;]<\/p>\n<div class=\"text-center\"><a class=\"view-more-link color\" href=\"#slideMobile\"><span class=\"more\">Toate serviciile<\/span><span class=\"less\">Ascunde\u021bi toate serviciile<\/span><\/a><\/div>\n<p>[\/vc_column_text][\/vc_column][\/vc_row][vc_row css=&#8221;.vc_custom_1548864358405{margin-top: -40px !important;}&#8221; el_class=&#8221;appoinment-button-txt home-appoinment-button-txt&#8221;][vc_column width=&#8221;1\/2&#8243;][vc_row_inner el_class=&#8221;text-appointment&#8221;][vc_column_inner][vc_column_text]<\/p>\n<h2 class=\"h-lg\">Programa\u021bi o \u00eent\u00e2lnire ast\u0103zi<\/h2>\n<p class=\"info\">\u0219i ob\u021bine\u021bi cheia ma\u0219inii visurilor dvs. \u00een 14 zile<\/p>\n<h2 class=\"h-phone\">Suna\u021bi: <a href=\"tel:+373 60 818 499\">+(373) 60 818 499<\/a><\/h2>\n<p>[\/vc_column_text][\/vc_column_inner][\/vc_row_inner]        <a class=\"btn btn-invert\" href=\"#\" data-toggle=\"modal\" data-target=\"#appointmentForm\"><span>programa\u021bi o \u00eent\u00e2lnire<\/span><\/a>\r\n        [\/vc_column][vc_column width=&#8221;1\/2&#8243;][vc_single_image image=&#8221;1782&#8243; img_size=&#8221;full&#8221; css_animation=&#8221;bounceInRight&#8221;][\/vc_column][\/vc_row]<\/p>\n","protected":false},"excerpt":{"rendered":"<p>[vc_row el_class=&#8221;text-center vehicle-damage&#8221;][vc_column][vc_column_text css=&#8221;.vc_custom_1564138628802{margin-bottom: 40px !important;}&#8221;] Ce facem noi Noi oferim servicii de achizi\u021bionare \u0219i livrare a automobilelor din Georgia, Europa sau SUA [\/vc_column_text][vc_column_text css=&#8221;.vc_custom_1593956658201{padding-top: 30px !important;}&#8221;] Au mai r\u0103mas \u00eentreb\u0103ri? Telefona\u021bi speciali\u0219tii no\u0219tri pentru o consultare gratuit\u0103 Suna\u021bi: +(373) 60 818 499 [\/vc_column_text][vc_empty_space][\/vc_column][\/vc_row][vc_row full_width=&#8221;stretch_row&#8221; el_class=&#8221;block bg-1 service-page-services&#8221; css=&#8221;.vc_custom_1543472313481{background-image: url(https:\/\/avtolux.md\/wp-content\/uploads\/2019\/05\/block-bg-1-1.jpg) !important;}&#8221;][vc_column][vc_column_text] Lista serviciilor Mai jos&#8230;<\/p>\n","protected":false},"author":1,"featured_media":0,"parent":0,"menu_order":0,"comment_status":"closed","ping_status":"closed","template":"","meta":{"footnotes":""},"_links":{"self":[{"href":"https:\/\/avtolux.md\/ro\/wp-json\/wp\/v2\/pages\/2122"}],"collection":[{"href":"https:\/\/avtolux.md\/ro\/wp-json\/wp\/v2\/pages"}],"about":[{"href":"https:\/\/avtolux.md\/ro\/wp-json\/wp\/v2\/types\/page"}],"author":[{"embeddable":true,"href":"https:\/\/avtolux.md\/ro\/wp-json\/wp\/v2\/users\/1"}],"replies":[{"embeddable":true,"href":"https:\/\/avtolux.md\/ro\/wp-json\/wp\/v2\/comments?post=2122"}],"version-history":[{"count":0,"href":"https:\/\/avtolux.md\/ro\/wp-json\/wp\/v2\/pages\/2122\/revisions"}],"wp:attachment":[{"href":"https:\/\/avtolux.md\/ro\/wp-json\/wp\/v2\/media?parent=2122"}],"curies":[{"name":"wp","href":"https:\/\/api.w.org\/{rel}","templated":true}]}}